{"id":4655,"date":"2023-01-17T10:03:34","date_gmt":"2023-01-17T13:03:34","guid":{"rendered":"https:\/\/graficacoktail.com.br\/site\/?page_id=4655"},"modified":"2023-01-17T11:20:14","modified_gmt":"2023-01-17T14:20:14","slug":"politica-de-privacidade","status":"publish","type":"page","link":"https:\/\/graficacoktail.com.br\/site\/politica-de-privacidade\/","title":{"rendered":"Pol\u00edtica de Privacidade"},"content":{"rendered":"<section id=\"bt_bb_section69e43046294df\"  data-background_image_src=\"'https:\/\/graficacoktail.com.br\/site\/wp-content\/uploads\/2020\/03\/portfolio.png'\" class=\"bt_bb_section bt_bb_top_spacing_normal bt_bb_color_scheme_1 bt_bb_layout_boxed_1200 bt_bb_vertical_align_top btLazyLoadBackground bt_bb_background_image bt_bb_section_with_bottom_coverage_image\" style=\"background-image:url(&#039;https:\/\/graficacoktail.com.br\/site\/wp-content\/plugins\/bold-page-builder\/img\/blank.gif&#039;);height: 350px;background-color:#fcc000;\"><div class=\"bt_bb_port\"><div class=\"bt_bb_cell\"><div class=\"bt_bb_cell_inner\"><div class=\"bt_bb_row_wrapper bt_bb_row_width_boxed_1200\"><div  class=\"bt_bb_row\"  data-bt-override-class=\"{}\"><div  class=\"bt_bb_column col-md-12 col-ms-12 bt_bb_align_left bt_bb_vertical_align_top bt_bb_padding_normal\"  data-width=\"12\"><div class=\"bt_bb_column_content\"><div class=\"bt_bb_separator_v2 bt_bb_border_style_none bt_bb_top_spacing_medium bt_bb_bottom_spacing_extra_large bt_bb_icon_size_normal bt_bb_text_size_normal bt_bb_separator_v2_without_content\" data-bt-override-class=\"null\"><div class=\"bt_bb_separator_v2_inner\"><span class=\"bt_bb_separator_v2_inner_before\"><\/span><span class=\"bt_bb_separator_v2_inner_content\"><span  data-ico-=\"&#x;\" class=\"bt_bb_icon_holder\"><\/span><\/span><span class=\"bt_bb_separator_v2_inner_after\"><\/span><\/div><\/div><header class=\"bt_bb_headline bt_bb_dash_bottom bt_bb_size_normal bt_bb_align_inherit\" data-bt-override-class=\"{&quot;bt_bb_size_&quot;:{&quot;current_class&quot;:&quot;bt_bb_size_normal&quot;,&quot;xxl&quot;:&quot;normal&quot;,&quot;xl&quot;:&quot;normal&quot;},&quot;bt_bb_align_&quot;:{&quot;current_class&quot;:&quot;bt_bb_align_inherit&quot;,&quot;xxl&quot;:&quot;inherit&quot;,&quot;xl&quot;:&quot;inherit&quot;}}\"><h2 style=\"font-size:3.125em\" class=\"bt_bb_headline_tag\"><span class=\"bt_bb_headline_content\"><span>Pol\u00edtica de Privacidade<\/span><\/span><\/h2><\/header><div class=\"bt_bb_separator_v2 bt_bb_border_style_none bt_bb_bottom_spacing_small bt_bb_icon_size_normal bt_bb_text_size_normal bt_bb_separator_v2_without_content bt_bb_hidden_xs bt_bb_hidden_ms bt_bb_hidden_sm bt_bb_hidden_md\" data-bt-override-class=\"null\"><div class=\"bt_bb_separator_v2_inner\"><span class=\"bt_bb_separator_v2_inner_before\"><\/span><span class=\"bt_bb_separator_v2_inner_content\"><span  data-ico-=\"&#x;\" class=\"bt_bb_icon_holder\"><\/span><\/span><span class=\"bt_bb_separator_v2_inner_after\"><\/span><\/div><\/div><\/div><\/div><\/div><\/div><\/div><\/div><\/div><div class=\"bt_bb_section_bottom_section_coverage_image\"><img src=\"https:\/\/graficacoktail.com.br\/site\/wp-content\/uploads\/2019\/10\/bgn-gray-curve-bottom-right-1.png\" alt=\"bt_bb_section_bottom_section_coverage_image\" \/><\/div><\/section><section id=\"bt_bb_section69e4304629cd1\"  data-background_image_src=\"'https:\/\/graficacoktail.com.br\/site\/wp-content\/uploads\/2020\/01\/halftone-cinza_vertical_left.png'\" class=\"bt_bb_section bt_bb_top_spacing_normal bt_bb_bottom_spacing_small bt_bb_layout_boxed_1200 bt_bb_vertical_align_top btLazyLoadBackground bt_bb_background_image bt_bb_section_show_right_boxed_content bt_bb_section_allow_content_outside\" style=\"background-image:url(&#039;https:\/\/graficacoktail.com.br\/site\/wp-content\/plugins\/bold-page-builder\/img\/blank.gif&#039;);;background-color:#f5f5f5;\"><div class=\"bt_bb_port\"><div class=\"bt_bb_cell\"><div class=\"bt_bb_cell_inner\"><div class=\"bt_bb_row_wrapper bt_bb_row_width_boxed_1200\"><div  class=\"bt_bb_row\"  data-bt-override-class=\"{}\"><div  class=\"bt_bb_column col-md-12 col-ms-12 bt_bb_align_left bt_bb_vertical_align_middle bt_bb_animation_fade_in animate bt_bb_padding_normal bt_bb_animation_fade_in animate\"  data-width=\"12\"><div class=\"bt_bb_column_content\"><header class=\"bt_bb_headline bt_bb_dash_none bt_bb_size_medium bt_bb_align_inherit bt_bb_hidden_xs bt_bb_hidden_ms bt_bb_hidden_sm bt_bb_hidden_md bt_bb_hidden_lg\" data-bt-override-class=\"{&quot;bt_bb_size_&quot;:{&quot;current_class&quot;:&quot;bt_bb_size_medium&quot;,&quot;xxl&quot;:&quot;medium&quot;,&quot;xl&quot;:&quot;medium&quot;},&quot;bt_bb_align_&quot;:{&quot;current_class&quot;:&quot;bt_bb_align_inherit&quot;,&quot;xxl&quot;:&quot;inherit&quot;,&quot;xl&quot;:&quot;inherit&quot;}}\"><h3 style=\"font-size:3.125em\" class=\"bt_bb_headline_tag\"><span class=\"bt_bb_headline_content\"><span><b>Qualidade<\/b> e <b>inova\u00e7\u00e3o<\/b> <u>\u00e9 a nossa marca<\/u><\/span><\/span><\/h3><\/header><div class=\"bt_bb_separator_v2 bt_bb_border_style_none bt_bb_top_spacing_normal bt_bb_icon_size_normal bt_bb_text_size_normal bt_bb_separator_v2_without_content\" data-bt-override-class=\"null\"><div class=\"bt_bb_separator_v2_inner\"><span class=\"bt_bb_separator_v2_inner_before\"><\/span><span class=\"bt_bb_separator_v2_inner_content\"><span  data-ico-=\"&#x;\" class=\"bt_bb_icon_holder\"><\/span><\/span><span class=\"bt_bb_separator_v2_inner_after\"><\/span><\/div><\/div><div  class=\"bt_bb_text\" ><p>A <strong>Gr\u00e1fica Coktail<\/strong> \u00e9 uma marca registrada sob a qual opera na regi\u00e3o de S\u00e3o Paulo Capital com sede em Rua Dias Lemes, 592 \u2013 Alto da Mooca \u2013 CEP: 03118-040<\/p>\n<p>A <strong>Gr\u00e1fica Coktail<\/strong> respeita a privacidade dos seus Utilizadores e est\u00e1 totalmente consciente da import\u00e2ncia de preservar a mesma. Agradecemos, por isso, a confian\u00e7a depositada em n\u00f3s. Foi neste sentido que cri\u00e1mos esta pol\u00edtica de prote\u00e7\u00e3o da privacidade para assegurar que o Utilizador sabe qual a informa\u00e7\u00e3o que recolhemos e como a utilizamos. Esta pol\u00edtica de prote\u00e7\u00e3o da privacidade desenvolvida aplica-se a todos os nossos clientes e visitantes do nosso website, tanto atuais como anteriores. Assim, ao visitar ou utilizar o nosso website, compromete-se a estar vinculado a esta pol\u00edtica de prote\u00e7\u00e3o da privacidade.<\/p>\n<p>Nesta pol\u00edtica de prote\u00e7\u00e3o de privacidade s\u00e3o explicadas as condi\u00e7\u00f5es em que \u00e9 tratada toda a informa\u00e7\u00e3o pessoal que nos disponibiliza quando visita ou utiliza o nosso website. Toda e qualquer informa\u00e7\u00e3o pessoal que possamos pedir-lhe enquanto visitante ou Utilizador do nosso website, ser\u00e1 tratada em conformidade com a pol\u00edtica de privacidade da <strong>Gr\u00e1fica Coktail<\/strong> e n\u00e3o ser\u00e1 partilhada com terceiros, exceto em casos estipulados nesta mesma pol\u00edtica de privacidade.<\/p>\n<p>Ao utilizar o nosso website, o Utilizador consente a recolha, armazenamento, divulga\u00e7\u00e3o e utiliza\u00e7\u00e3o dos seus dados de acordo com o previsto na presente pol\u00edtica de prote\u00e7\u00e3o da privacidade, e aceita os termos e condi\u00e7\u00f5es da mesma.<\/p>\n<p>Esta pol\u00edtica de privacidade n\u00e3o se aplica \u00e0 sua informa\u00e7\u00e3o pessoal quando esta se torna vis\u00edvel para terceiros devido \u00e0 presta\u00e7\u00e3o de informa\u00e7\u00f5es pessoais que s\u00e3o divulgadas aquando da utiliza\u00e7\u00e3o de determinadas funcionalidades proporcionadas pelo nosso website, como por exemplo a publica\u00e7\u00e3o de um coment\u00e1rio ou de uma mensagem no Website. Desta forma, se o coment\u00e1rio ou mensagem do Utilizador contiver dados pessoais e for publicado pelo Utilizador numa p\u00e1gina acess\u00edvel ao p\u00fablico, os dados poder\u00e3o ser anotados por terceiros e,como consequ\u00eancia, o Utilizador poder\u00e1 receber mensagens n\u00e3o solicitadas dos mesmos. Os conte\u00fados ou dados que o Utilizador carregar para o nosso website que sejam vis\u00edveis por terceiros, n\u00e3o s\u00e3o considerados dados pessoais identific\u00e1veis sujeitos \u00e0 presente pol\u00edtica de prote\u00e7\u00e3o da privacidade, ficando sujeitos \u00e0s pol\u00edticas de privacidade de terceiros. O Utilizador deve sempre agir com cautela quando publicar estes dados.<\/p>\n<p>\u00c0 <strong>Gr\u00e1fica Coktail<\/strong> est\u00e1 reservado o direito de rever e modificar esta pol\u00edtica de prote\u00e7\u00e3o da privacidade ocasionalmente com vista \u00e0 melhoria, publicando a vers\u00e3o revista no seu website.Encorajamos, tamb\u00e9m, o Utilizador a verificar e rever ocasionalmente esta pol\u00edtica de prote\u00e7\u00e3o da privacidade, para que conhe\u00e7a as modifica\u00e7\u00f5es aplicadas.<\/p>\n<\/div><div class=\"bt_bb_separator_v2 bt_bb_border_style_none bt_bb_top_spacing_normal bt_bb_icon_size_normal bt_bb_text_size_normal bt_bb_separator_v2_without_content\" data-bt-override-class=\"null\"><div class=\"bt_bb_separator_v2_inner\"><span class=\"bt_bb_separator_v2_inner_before\"><\/span><span class=\"bt_bb_separator_v2_inner_content\"><span  data-ico-=\"&#x;\" class=\"bt_bb_icon_holder\"><\/span><\/span><span class=\"bt_bb_separator_v2_inner_after\"><\/span><\/div><\/div><\/div><\/div><\/div><\/div><\/div><\/div><\/div><\/section>","protected":false},"excerpt":{"rendered":"<p>Proactively envisioned multimedia based expertise and cross-media growth strategies. Seamlessly visualize quality intellectual capital without superior collaboration and idea-sharing. Holistically pontificate installed base portals after maintainable products.<\/p>\n","protected":false},"author":1,"featured_media":0,"parent":0,"menu_order":0,"comment_status":"closed","ping_status":"closed","template":"","meta":[],"_links":{"self":[{"href":"https:\/\/graficacoktail.com.br\/site\/wp-json\/wp\/v2\/pages\/4655"}],"collection":[{"href":"https:\/\/graficacoktail.com.br\/site\/wp-json\/wp\/v2\/pages"}],"about":[{"href":"https:\/\/graficacoktail.com.br\/site\/wp-json\/wp\/v2\/types\/page"}],"author":[{"embeddable":true,"href":"https:\/\/graficacoktail.com.br\/site\/wp-json\/wp\/v2\/users\/1"}],"replies":[{"embeddable":true,"href":"https:\/\/graficacoktail.com.br\/site\/wp-json\/wp\/v2\/comments?post=4655"}],"version-history":[{"count":13,"href":"https:\/\/graficacoktail.com.br\/site\/wp-json\/wp\/v2\/pages\/4655\/revisions"}],"predecessor-version":[{"id":4669,"href":"https:\/\/graficacoktail.com.br\/site\/wp-json\/wp\/v2\/pages\/4655\/revisions\/4669"}],"wp:attachment":[{"href":"https:\/\/graficacoktail.com.br\/site\/wp-json\/wp\/v2\/media?parent=4655"}],"curies":[{"name":"wp","href":"https:\/\/api.w.org\/{rel}","templated":true}]}}