{"id":4456,"date":"2022-08-16T20:32:37","date_gmt":"2022-08-16T23:32:37","guid":{"rendered":"https:\/\/graficacoktail.com.br\/site\/?page_id=4456"},"modified":"2023-09-13T20:05:55","modified_gmt":"2023-09-13T23:05:55","slug":"portfolio-2023","status":"publish","type":"page","link":"https:\/\/graficacoktail.com.br\/site\/portfolio-2023\/","title":{"rendered":"Portfolio 2023"},"content":{"rendered":"<section id=\"bt_bb_section69e430a18e22c\"  data-background_image_src=\"'https:\/\/graficacoktail.com.br\/site\/wp-content\/uploads\/2020\/03\/portfolio.png'\" class=\"bt_bb_section bt_bb_color_scheme_1 bt_bb_layout_boxed_1200 bt_bb_vertical_align_top btLazyLoadBackground bt_bb_background_image bt_bb_section_with_bottom_coverage_image\" style=\"background-image:url(&#039;https:\/\/graficacoktail.com.br\/site\/wp-content\/plugins\/bold-page-builder\/img\/blank.gif&#039;);height: 350px;background-color:#fcc100;\"><div class=\"bt_bb_port\"><div class=\"bt_bb_cell\"><div class=\"bt_bb_cell_inner\"><div class=\"bt_bb_row_wrapper bt_bb_row_width_boxed_1200\"><div  class=\"bt_bb_row\"  data-bt-override-class=\"{}\"><div  class=\"bt_bb_column col-md-12 col-ms-12 bt_bb_align_left bt_bb_vertical_align_bottom bt_bb_animation_fade_in move_right animate bt_bb_padding_normal bt_bb_animation_fade_in bt_bb_animation_move_right animate\"  data-width=\"12\"><div class=\"bt_bb_column_content\"><div class=\"bt_bb_separator_v2 bt_bb_border_style_none bt_bb_bottom_spacing_extra_large bt_bb_icon_size_normal bt_bb_text_size_normal bt_bb_separator_v2_without_content\" data-bt-override-class=\"null\"><div class=\"bt_bb_separator_v2_inner\"><span class=\"bt_bb_separator_v2_inner_before\"><\/span><span class=\"bt_bb_separator_v2_inner_content\"><span  data-ico-=\"&#x;\" class=\"bt_bb_icon_holder\"><\/span><\/span><span class=\"bt_bb_separator_v2_inner_after\"><\/span><\/div><\/div><header class=\"bt_bb_headline bt_bb_dash_bottom bt_bb_subheadline bt_bb_size_normal bt_bb_align_inherit\" style=\"text-shadow: 1px 1px #000000;\" data-bt-override-class=\"{}\"><h2 style=\"font-size:3.125em\" class=\"bt_bb_headline_tag\"><span class=\"bt_bb_headline_content\"><span>Portfolio<\/span><\/span><\/h2><div class=\"bt_bb_headline_subheadline\"><b>A gr\u00e1fica Coktail produz os mais variados impressos, principalmente livros de capa dura, revistas, apostilas did\u00e1ticas, displays, embalagens especiais,<br \/>\r\nrelat\u00f3rios, cat\u00e1logos, e muitos outros materiais gr\u00e1ficos personalizados. Conhe\u00e7a algumas pe\u00e7as que fazem parte de nosso portf\u00f3lio:<\/b><br \/>\r\n<\/div><\/header><div class=\"bt_bb_separator_v2 bt_bb_border_style_none bt_bb_bottom_spacing_extra_small bt_bb_icon_size_normal bt_bb_text_size_normal bt_bb_separator_v2_without_content bt_bb_hidden_xs bt_bb_hidden_ms bt_bb_hidden_sm bt_bb_hidden_md bt_bb_hidden_lg\" data-bt-override-class=\"null\"><div class=\"bt_bb_separator_v2_inner\"><span class=\"bt_bb_separator_v2_inner_before\"><\/span><span class=\"bt_bb_separator_v2_inner_content\"><span  data-ico-=\"&#x;\" class=\"bt_bb_icon_holder\"><\/span><\/span><span class=\"bt_bb_separator_v2_inner_after\"><\/span><\/div><\/div><\/div><\/div><\/div><\/div><\/div><\/div><\/div><div class=\"bt_bb_section_bottom_section_coverage_image\"><img src=\"https:\/\/graficacoktail.com.br\/site\/wp-content\/uploads\/2019\/10\/bgn-gray-curve-bottom-right-1.png\" alt=\"bt_bb_section_bottom_section_coverage_image\" \/><\/div><\/section><section id=\"bt_bb_section69e430a18ee8d\"  class=\"bt_bb_section bt_bb_top_spacing_medium bt_bb_bottom_spacing_medium bt_bb_layout_boxed_1200 bt_bb_vertical_align_top\" style=\";background-color:#f5f5f5;\"><div class=\"bt_bb_port\"><div class=\"bt_bb_cell\"><div class=\"bt_bb_cell_inner\"><div class=\"bt_bb_row_wrapper\"><div  class=\"bt_bb_row\"  data-bt-override-class=\"{}\"><div  class=\"bt_bb_column col-md-12 col-ms-12 bt_bb_align_left bt_bb_vertical_align_top bt_bb_padding_normal bt_bb_hidden_ms bt_bb_hidden_md\"  data-width=\"12\"><div class=\"bt_bb_column_content\"><div class=\"bt_bb_masonry_portfolio_tiles bt_bb_grid_container bt_bb_columns_4 bt_bb_gap_normal bt_bb_look_classic_bgn bt_bb_hidden_xs bt_bb_hidden_ms bt_bb_hidden_sm bt_bb_hidden_md bt_bb_hidden_lg\" data-columns=\"4\"><div class=\"bt_bb_post_grid_filter\"><span class=\"bt_bb_masonry_portfolio_tiles_filter_item bt_bb_post_grid_filter_item active\" data-category-portfolio=\"\" data-format-portfolio=\"21,11,11,11,11,21,11,21,11,21,11,11\" data-post-type=\"portfolio\">Todos<\/span><span class=\"bt_bb_masonry_portfolio_tiles_filter_item bt_bb_post_grid_filter_item\" data-category-portfolio=\"adesivos-blocos-e-folheteria\"  data-format-portfolio=\"21,11,11,11,11,21,11,21,11,21,11,11\" data-post-type=\"portfolio\">ADESIVOS, BLOCOS E FOLHETERIA<\/span><span class=\"bt_bb_masonry_portfolio_tiles_filter_item bt_bb_post_grid_filter_item\" data-category-portfolio=\"editorial\"  data-format-portfolio=\"21,11,11,11,11,21,11,21,11,21,11,11\" data-post-type=\"portfolio\">EDITORIAL<\/span><span class=\"bt_bb_masonry_portfolio_tiles_filter_item bt_bb_post_grid_filter_item\" data-category-portfolio=\"embalagem\"  data-format-portfolio=\"21,11,11,11,11,21,11,21,11,21,11,11\" data-post-type=\"portfolio\">EMBALAGEM<\/span><span class=\"bt_bb_masonry_portfolio_tiles_filter_item bt_bb_post_grid_filter_item\" data-category-portfolio=\"personalizacao\"  data-format-portfolio=\"21,11,11,11,11,21,11,21,11,21,11,11\" data-post-type=\"portfolio\">PERSONALIZA\u00c7\u00c3O<\/span><span class=\"bt_bb_masonry_portfolio_tiles_filter_item bt_bb_post_grid_filter_item\" data-category-portfolio=\"promocional\"  data-format-portfolio=\"21,11,11,11,11,21,11,21,11,21,11,11\" data-post-type=\"portfolio\">PROMOCIONAL<\/span><\/div><div class=\"bt_bb_masonry_portfolio_tiles_content bt_bb_masonry_post_grid_content bt_bb_grid_hide\" data-bt-nonce=\"9b6b3aa852\" data-number-portfolio=\"1000\" data-format-portfolio=\"21,11,11,11,11,21,11,21,11,21,11,11\" data-category-portfolio=\"\"  data-post-type=\"portfolio\" data-show-portfolio=\"a%3A3%3A%7Bs%3A7%3A%22excerpt%22%3Bb%3A0%3Bs%3A5%3A%22title%22%3Bb%3A1%3Bs%3A9%3A%22view_more%22%3Bb%3A1%3B%7D\"><div class=\"bt_bb_grid_sizer\"><\/div><\/div><div class=\"bt_bb_post_grid_loader\"><span class=\"box1\"><\/span><span class=\"box2\"><\/span><span class=\"box3\"><\/span><span class=\"box4\"><\/span><span class=\"box5\"><\/span><\/div><\/div><div class=\"bt_bb_masonry_portfolio_grid bt_bb_grid_container portcok bt_bb_columns_3 bt_bb_gap_normal bt_bb_look_image_above bt_bb_date_design_round\" data-columns=\"3\"><div class=\"bt_bb_post_grid_loader\"><span class=\"box1\"><\/span><span class=\"box2\"><\/span><span class=\"box3\"><\/span><span class=\"box4\"><\/span><span class=\"box5\"><\/span><\/div><div class=\"bt_bb_masonry_portfolio_grid_content bt_bb_grid_hide\" data-bt-nonce=\"4e501c20af\" data-number-portfolio=\"6\" data-category-portfolio=\"\" data-post-type=\"portfolio\" data-show-portfolio=\"a%3A7%3A%7Bs%3A8%3A%22category%22%3Bb%3A0%3Bs%3A4%3A%22date%22%3Bb%3A0%3Bs%3A6%3A%22author%22%3Bb%3A0%3Bs%3A8%3A%22comments%22%3Bb%3A0%3Bs%3A7%3A%22excerpt%22%3Bb%3A0%3Bs%3A5%3A%22share%22%3Bb%3A0%3Bs%3A9%3A%22read_more%22%3Bb%3A0%3B%7D\" data-date-design=\"round\"  data-target=\"_self\"><div class=\"bt_bb_grid_sizer\"><\/div><\/div><\/div><\/div><\/div><\/div><\/div><\/div><\/div><\/div><\/section>","protected":false},"excerpt":{"rendered":"","protected":false},"author":1,"featured_media":0,"parent":0,"menu_order":0,"comment_status":"closed","ping_status":"closed","template":"","meta":[],"_links":{"self":[{"href":"https:\/\/graficacoktail.com.br\/site\/wp-json\/wp\/v2\/pages\/4456"}],"collection":[{"href":"https:\/\/graficacoktail.com.br\/site\/wp-json\/wp\/v2\/pages"}],"about":[{"href":"https:\/\/graficacoktail.com.br\/site\/wp-json\/wp\/v2\/types\/page"}],"author":[{"embeddable":true,"href":"https:\/\/graficacoktail.com.br\/site\/wp-json\/wp\/v2\/users\/1"}],"replies":[{"embeddable":true,"href":"https:\/\/graficacoktail.com.br\/site\/wp-json\/wp\/v2\/comments?post=4456"}],"version-history":[{"count":10,"href":"https:\/\/graficacoktail.com.br\/site\/wp-json\/wp\/v2\/pages\/4456\/revisions"}],"predecessor-version":[{"id":4744,"href":"https:\/\/graficacoktail.com.br\/site\/wp-json\/wp\/v2\/pages\/4456\/revisions\/4744"}],"wp:attachment":[{"href":"https:\/\/graficacoktail.com.br\/site\/wp-json\/wp\/v2\/media?parent=4456"}],"curies":[{"name":"wp","href":"https:\/\/api.w.org\/{rel}","templated":true}]}}